{"id":95,"date":"2014-03-04T14:29:45","date_gmt":"2014-03-04T12:29:45","guid":{"rendered":"http:\/\/ogun.av.tr\/?page_id=95"},"modified":"2024-05-01T08:59:18","modified_gmt":"2024-05-01T05:59:18","slug":"95-2","status":"publish","type":"page","link":"http:\/\/ogun.av.tr\/?page_id=95","title":{"rendered":"Ekibimiz"},"content":{"rendered":"\n<div class=\"wp-block-group has-global-padding is-layout-constrained wp-block-group-is-layout-constrained\">\n<h2><a href=\"http:\/\/ogun.av.tr\/wp-content\/uploads\/2014\/03\/ogun_hukuk_faaliyet.jpg\"><img loading=\"lazy\" decoding=\"async\" class=\"aligncenter wp-image-144\" src=\"http:\/\/ogun.av.tr\/wp-content\/uploads\/2014\/03\/ogun_hukuk_faaliyet.jpg\" alt=\"\" width=\"760\" height=\"384\" srcset=\"http:\/\/ogun.av.tr\/wp-content\/uploads\/2014\/03\/ogun_hukuk_faaliyet.jpg 2850w, http:\/\/ogun.av.tr\/wp-content\/uploads\/2014\/03\/ogun_hukuk_faaliyet-300x151.jpg 300w, http:\/\/ogun.av.tr\/wp-content\/uploads\/2014\/03\/ogun_hukuk_faaliyet-1024x517.jpg 1024w, http:\/\/ogun.av.tr\/wp-content\/uploads\/2014\/03\/ogun_hukuk_faaliyet-1080x546.jpg 1080w\" sizes=\"auto, (max-width: 760px) 100vw, 760px\" \/><\/a><\/h2>\n<h2>Avukat Halit \u00d6\u011e\u00dcN<\/h2>\n<p>1973 y\u0131l\u0131nda Hatay Antakya\u2019da do\u011fmu\u015ftur. Y\u00fcksek \u00f6\u011frenimini, Ankara \u00dcniversitesi Hukuk Fak\u00fcltesi\u2019nde tamamlam\u0131\u015ft\u0131r. 1998 y\u0131l\u0131ndan itibaren, Ankara Barosuna kay\u0131tl\u0131 Avukat olarak g\u00f6rev yapmaktad\u0131r. Meslek hayat\u0131 s\u00fcresince farkl\u0131 sekt\u00f6rlerde bir\u00e7ok \u015eirkete dan\u0131\u015fmanl\u0131k ve dava hizmeti vermi\u015f; Ticaret Hukuku, \u0130\u015f Hukuku, Bor\u00e7lar Hukuku, Vergi Hukuku, Fikri S\u0131nai Haklar Hukuku, \u0130dare Hukuku ve Bili\u015fim Hukuku ile ilgili konularda \u00e7al\u0131\u015fmalar yapm\u0131\u015ft\u0131r.<\/p>\n<h2>Avukat Nil\u00fcfer AKMAN \u00d6\u011e\u00dcN<\/h2>\n<p>1981 y\u0131l\u0131nda Ankara\u2019da do\u011fmu\u015ftur. Y\u00fcksek \u00f6\u011frenimini, Ba\u015fkent \u00dcniversitesi Hukuk Fak\u00fcltesi\u2019nde tamamlam\u0131\u015ft\u0131r. 2004 y\u0131l\u0131ndan itibaren, Ankara Barosuna kay\u0131tl\u0131 Avukat olarak g\u00f6rev yapmaktad\u0131r. Meslek hayat\u0131 s\u00fcresince farkl\u0131 sekt\u00f6rlerde bir\u00e7ok \u015eirkete dan\u0131\u015fmanl\u0131k ve dava hizmeti vermi\u015f; Banka ve Ticaret Hukuku, T\u00fcketici Hukuku ve Medeni Hukuk ile ilgili konularda \u00e7al\u0131\u015fmalar yapm\u0131\u015ft\u0131r. \u0130ngilizce bilmektedir.<\/p>\n<\/div>\n","protected":false},"excerpt":{"rendered":"<p>Avukat Halit \u00d6\u011e\u00dcN 1973 y\u0131l\u0131nda Hatay Antakya\u2019da do\u011fmu\u015ftur. Y\u00fcksek \u00f6\u011frenimini, Ankara \u00dcniversitesi Hukuk Fak\u00fcltesi\u2019nde tamamlam\u0131\u015ft\u0131r. 1998 y\u0131l\u0131ndan itibaren, Ankara Barosuna kay\u0131tl\u0131 Avukat olarak g\u00f6rev yapmaktad\u0131r. Meslek hayat\u0131 s\u00fcresince [&hellip;]<\/p>\n","protected":false},"author":2,"featured_media":0,"parent":0,"menu_order":0,"comment_status":"open","ping_status":"open","template":"","meta":{"footnotes":""},"class_list":["post-95","page","type-page","status-publish","hentry"],"_links":{"self":[{"href":"http:\/\/ogun.av.tr\/index.php?rest_route=\/wp\/v2\/pages\/95","targetHints":{"allow":["GET"]}}],"collection":[{"href":"http:\/\/ogun.av.tr\/index.php?rest_route=\/wp\/v2\/pages"}],"about":[{"href":"http:\/\/ogun.av.tr\/index.php?rest_route=\/wp\/v2\/types\/page"}],"author":[{"embeddable":true,"href":"http:\/\/ogun.av.tr\/index.php?rest_route=\/wp\/v2\/users\/2"}],"replies":[{"embeddable":true,"href":"http:\/\/ogun.av.tr\/index.php?rest_route=%2Fwp%2Fv2%2Fcomments&post=95"}],"version-history":[{"count":22,"href":"http:\/\/ogun.av.tr\/index.php?rest_route=\/wp\/v2\/pages\/95\/revisions"}],"predecessor-version":[{"id":248,"href":"http:\/\/ogun.av.tr\/index.php?rest_route=\/wp\/v2\/pages\/95\/revisions\/248"}],"wp:attachment":[{"href":"http:\/\/ogun.av.tr\/index.php?rest_route=%2Fwp%2Fv2%2Fmedia&parent=95"}],"curies":[{"name":"wp","href":"https:\/\/api.w.org\/{rel}","templated":true}]}}