{"id":82,"date":"2020-06-09T13:35:00","date_gmt":"2020-06-09T10:35:00","guid":{"rendered":"http:\/\/ogun.av.tr\/?page_id=82"},"modified":"2024-04-30T12:13:30","modified_gmt":"2024-04-30T09:13:30","slug":"iletisim","status":"publish","type":"page","link":"http:\/\/ogun.av.tr\/?page_id=82","title":{"rendered":"\u0130leti\u015fim"},"content":{"rendered":"\n<figure class=\"wp-block-image aligncenter size-full\"><img loading=\"lazy\" decoding=\"async\" width=\"637\" height=\"477\" src=\"http:\/\/ogun.av.tr\/wp-content\/uploads\/2024\/04\/next-level-ofis.jpg\" alt=\"NEXT LEVEL\nDumlup\u0131nar Bulvar\u0131 3C-1 No:160\nK\u0131z\u0131l\u0131rmak Mah. 06520 \u00c7ankaya Ankara T\u00fcrkiye\nGsm Tel: (+90) 533 5155656 B\u00fcro Tel:  (+90) 312 2196061\" class=\"wp-image-173\" srcset=\"http:\/\/ogun.av.tr\/wp-content\/uploads\/2024\/04\/next-level-ofis.jpg 637w, http:\/\/ogun.av.tr\/wp-content\/uploads\/2024\/04\/next-level-ofis-300x225.jpg 300w\" sizes=\"auto, (max-width: 637px) 100vw, 637px\" \/><figcaption class=\"wp-element-caption\"><br><strong><a href=\"https:\/\/maps.app.goo.gl\/R5UaPgYWMoHuXADY7\" target=\"_blank\" rel=\"noreferrer noopener\">NEXT LEVEL<br>Dumlup\u0131nar Bulvar\u0131 3C-1 No:160<br>K\u0131z\u0131l\u0131rmak Mah. 06520 \u00c7ankaya Ankara T\u00fcrkiye<br><\/a>Gsm Tel:(+90) 533 5155656 B\u00fcro Tel:\u00a0(+90) 312 2196061<\/strong><\/figcaption><\/figure>\n\n\n\n<p><\/p>\n","protected":false},"excerpt":{"rendered":"","protected":false},"author":2,"featured_media":0,"parent":0,"menu_order":0,"comment_status":"open","ping_status":"closed","template":"","meta":{"footnotes":""},"class_list":["post-82","page","type-page","status-publish","hentry"],"_links":{"self":[{"href":"http:\/\/ogun.av.tr\/index.php?rest_route=\/wp\/v2\/pages\/82","targetHints":{"allow":["GET"]}}],"collection":[{"href":"http:\/\/ogun.av.tr\/index.php?rest_route=\/wp\/v2\/pages"}],"about":[{"href":"http:\/\/ogun.av.tr\/index.php?rest_route=\/wp\/v2\/types\/page"}],"author":[{"embeddable":true,"href":"http:\/\/ogun.av.tr\/index.php?rest_route=\/wp\/v2\/users\/2"}],"replies":[{"embeddable":true,"href":"http:\/\/ogun.av.tr\/index.php?rest_route=%2Fwp%2Fv2%2Fcomments&post=82"}],"version-history":[{"count":18,"href":"http:\/\/ogun.av.tr\/index.php?rest_route=\/wp\/v2\/pages\/82\/revisions"}],"predecessor-version":[{"id":234,"href":"http:\/\/ogun.av.tr\/index.php?rest_route=\/wp\/v2\/pages\/82\/revisions\/234"}],"wp:attachment":[{"href":"http:\/\/ogun.av.tr\/index.php?rest_route=%2Fwp%2Fv2%2Fmedia&parent=82"}],"curies":[{"name":"wp","href":"https:\/\/api.w.org\/{rel}","templated":true}]}}