{"id":80,"date":"2020-06-09T13:34:00","date_gmt":"2020-06-09T10:34:00","guid":{"rendered":"http:\/\/ogun.av.tr\/?page_id=80"},"modified":"2024-05-01T08:49:47","modified_gmt":"2024-05-01T05:49:47","slug":"hakkimizda","status":"publish","type":"page","link":"http:\/\/ogun.av.tr\/","title":{"rendered":"Hakk\u0131m\u0131zda"},"content":{"rendered":"\n<p><\/p>\n\n\n\n<div class=\"wp-block-media-text alignwide is-stacked-on-mobile\" style=\"grid-template-columns:44% auto\"><figure class=\"wp-block-media-text__media\"><img loading=\"lazy\" decoding=\"async\" width=\"1012\" height=\"1024\" src=\"http:\/\/ogun.av.tr\/wp-content\/uploads\/2024\/04\/\u00d6\u011f\u00fcn-HB-Logo-1012x1024.jpg\" alt=\"\" class=\"wp-image-190 size-full\" srcset=\"http:\/\/ogun.av.tr\/wp-content\/uploads\/2024\/04\/\u00d6\u011f\u00fcn-HB-Logo-1012x1024.jpg 1012w, http:\/\/ogun.av.tr\/wp-content\/uploads\/2024\/04\/\u00d6\u011f\u00fcn-HB-Logo-297x300.jpg 297w, http:\/\/ogun.av.tr\/wp-content\/uploads\/2024\/04\/\u00d6\u011f\u00fcn-HB-Logo-768x777.jpg 768w, http:\/\/ogun.av.tr\/wp-content\/uploads\/2024\/04\/\u00d6\u011f\u00fcn-HB-Logo-1519x1536.jpg 1519w, http:\/\/ogun.av.tr\/wp-content\/uploads\/2024\/04\/\u00d6\u011f\u00fcn-HB-Logo-1080x1092.jpg 1080w, http:\/\/ogun.av.tr\/wp-content\/uploads\/2024\/04\/\u00d6\u011f\u00fcn-HB-Logo.jpg 1582w\" sizes=\"auto, (max-width: 1012px) 100vw, 1012px\" \/><\/figure><div class=\"wp-block-media-text__content\"><p>\u00d6\u011f\u00fcn Hukuk B\u00fcrosu; 1998 y\u0131l\u0131nda Avukat Halit \u00d6\u011f\u00fcn taraf\u0131ndan Ankara\u2019da kurulmu\u015ftur.<\/p>\n<p>\u0130n\u015faat, Bili\u015fim Teknolojileri, Finans ve Lojistik ba\u015fta olmak \u00fczere bir\u00e7ok sekt\u00f6r\u00fcn k\u00f6kl\u00fc ve lider \u015firketlerine hukuki dan\u0131\u015fmanl\u0131k ve dava hizmetleri sunmu\u015f, uzun s\u00fcreli i\u015f ili\u015fkileri kurmu\u015ftur.<\/p>\n<p>25 y\u0131l\u0131 a\u015fk\u0131n tecr\u00fcbesi ile m\u00fcvekkillerine daha etkin, s\u00fcratli ve \u00e7\u00f6z\u00fcm odakl\u0131 hukuk hizmetleri vermektedir.<\/p>\n<p>\u00d6\u011f\u00fcn Hukuk B\u00fcrosu, m\u00fcvekkilleri ile g\u00fcven esasl\u0131 ve uzun soluklu i\u015f ortakl\u0131klar\u0131 kurmay\u0131 ana hedefi olarak belirlemi\u015ftir. <\/p>\n<p>Kurulu\u015fundan bug\u00fcne evrensel hukuk kurallar\u0131na ve etik de\u011ferlere s\u0131k\u0131 s\u0131k\u0131ya ba\u011fl\u0131 kalarak, farkl\u0131 sekt\u00f6rlerde \u00e7al\u0131\u015fan bir\u00e7ok yerli ve yabanc\u0131 \u015firkete hukuki dan\u0131\u015fmanl\u0131k ve dava hizmetleri sunmaktad\u0131r.<\/p>\n<\/div><\/div>\n\n\n\n<p><\/p>\n\n\n\n<div class=\"wp-block-columns is-layout-flex wp-container-core-columns-is-layout-28f84493 wp-block-columns-is-layout-flex\">\n<div class=\"wp-block-column is-layout-flow wp-block-column-is-layout-flow\" style=\"flex-basis:100%\"><\/div>\n<\/div>\n","protected":false},"excerpt":{"rendered":"","protected":false},"author":2,"featured_media":0,"parent":0,"menu_order":0,"comment_status":"open","ping_status":"open","template":"","meta":{"footnotes":""},"class_list":["post-80","page","type-page","status-publish","hentry"],"_links":{"self":[{"href":"http:\/\/ogun.av.tr\/index.php?rest_route=\/wp\/v2\/pages\/80","targetHints":{"allow":["GET"]}}],"collection":[{"href":"http:\/\/ogun.av.tr\/index.php?rest_route=\/wp\/v2\/pages"}],"about":[{"href":"http:\/\/ogun.av.tr\/index.php?rest_route=\/wp\/v2\/types\/page"}],"author":[{"embeddable":true,"href":"http:\/\/ogun.av.tr\/index.php?rest_route=\/wp\/v2\/users\/2"}],"replies":[{"embeddable":true,"href":"http:\/\/ogun.av.tr\/index.php?rest_route=%2Fwp%2Fv2%2Fcomments&post=80"}],"version-history":[{"count":12,"href":"http:\/\/ogun.av.tr\/index.php?rest_route=\/wp\/v2\/pages\/80\/revisions"}],"predecessor-version":[{"id":244,"href":"http:\/\/ogun.av.tr\/index.php?rest_route=\/wp\/v2\/pages\/80\/revisions\/244"}],"wp:attachment":[{"href":"http:\/\/ogun.av.tr\/index.php?rest_route=%2Fwp%2Fv2%2Fmedia&parent=80"}],"curies":[{"name":"wp","href":"https:\/\/api.w.org\/{rel}","templated":true}]}}