{"id":75,"date":"2014-03-04T13:30:01","date_gmt":"2014-03-04T11:30:01","guid":{"rendered":"http:\/\/ogun.av.tr\/?page_id=75"},"modified":"2024-05-01T08:38:52","modified_gmt":"2024-05-01T05:38:52","slug":"75-2","status":"publish","type":"page","link":"http:\/\/ogun.av.tr\/?page_id=75","title":{"rendered":"Faaliyet Alanlar\u0131m\u0131z"},"content":{"rendered":"<p>FAAL\u0130YET ALANLARIMIZ<\/p>\n<p>\u00d6\u011f\u00fcn Hukuk B\u00fcrosu, a\u011f\u0131rl\u0131kl\u0131 olarak kurumsal nitelikteki m\u00fcvekkillerine, kapsaml\u0131 hukuk m\u00fc\u015favirli\u011fi hizmeti vermektedir. \u0130n\u015faat, Telekom, Bili\u015fim Teknolojileri ba\u015fta olmak \u00fczere sair sekt\u00f6rlerde faaliyet g\u00f6steren \u015firketlere g\u00fcvenli bir hukuki altyap\u0131 kurarak, hukuki ihtilaflar\u0131n m\u00fcmk\u00fcn oldu\u011funca en aza indirilmesi ve kar\u015f\u0131la\u015f\u0131lan ihtilaflarda m\u00fcvekkil \u015eirketin menfaatlerinin azami \u00f6l\u00e7\u00fcde korunmas\u0131 amac\u0131yla, profesyonel d\u00fczeyde dan\u0131\u015fmanl\u0131k ve dava hizmetleri sunmaktad\u0131r.<\/p>\n<p>M\u00fcvekkil \u015eirketlerin, kurulu\u015f ve daha sonraki faaliyet a\u015famalar\u0131nda, gerek \u015firketlerin i\u00e7 d\u00fczeni gerekse faaliyet g\u00f6sterdi\u011fi konular ile ilgili s\u00f6zle\u015fmeler ve hukuki d\u00fczenlemeler hakk\u0131nda daha etkin, s\u00fcratli ve \u00e7\u00f6z\u00fcm odakl\u0131 dan\u0131\u015fmanl\u0131k ve dava hizmeti vermeyi ama\u00e7 edinmi\u015ftir.<\/p>\n<p>\u00d6\u011f\u00fcn Hukuk B\u00fcrosu, verdi\u011fi hizmetler ile dava ve icra takipleri konusunda teknolojiyi yak\u0131ndan takip ederek, g\u00fcncel hukuk programlar\u0131 destekli, sistematik bir yol izlemektedir.<\/p>\n<p>Ticaret Hukuku<\/p>\n<p>\u00d6\u011f\u00fcn Hukuk B\u00fcrosu kurulu\u015fundan bu yana yerli ve yabanc\u0131 ortakl\u0131 bir\u00e7ok \u015eirkete, Ticaret Hukuku, Bor\u00e7lar Hukuku ve \u015eirketler Hukukunun temas etti\u011fi b\u00fct\u00fcn konularda s\u00fcratli ve \u00e7\u00f6z\u00fcm odakl\u0131 hizmet vermektedir.<\/p>\n<p>\u0130\u015f Hukuku<\/p>\n<p>\u00d6\u011f\u00fcn Hukuk B\u00fcrosu, \u0130\u015f Hukukundan (\u0130\u015f\u00e7i-\u0130\u015fveren ili\u015fkisinden) kaynaklanan ihtilaflar kapsam\u0131nda; \u015eirketlerin insan kaynaklar\u0131 biriminin olu\u015fturulmas\u0131 ve i\u015fleyi\u015finde, yasal \u00e7er\u00e7eve i\u00e7inde hukuki dan\u0131\u015fmanl\u0131k hizmetleri vermektedir. Ayr\u0131ca \u0130\u015f\u00e7i-\u0130\u015fveren aras\u0131ndaki hizmet ili\u015fkisinden kaynaklanmas\u0131 muhtemel di\u011fer her t\u00fcrl\u00fc uyu\u015fmazl\u0131klar\u0131n \u00e7\u00f6z\u00fcm\u00fc de, B\u00fcromuzun sundu\u011fu hukuk hizmetleri aras\u0131ndad\u0131r.<\/p>\n<p>Fikri M\u00fclkiyet Hukuku<\/p>\n<p>\u00d6\u011f\u00fcn Hukuk B\u00fcrosu; mahkemeler ve di\u011fer mercilerde, m\u00fcvekkillerin bu husustaki ticari menfaatlerini korumaya y\u00f6nelik, hukuki koruma tedbirlerini almakta ve geni\u015f kapsaml\u0131 hukuki hizmetler sunmaktad\u0131r. Hukuk B\u00fcromuz; marka, patent, telif haklar\u0131, ticari s\u0131rlar ve haks\u0131z rekabet konular\u0131na ili\u015fkin dava ve dan\u0131\u015fmanl\u0131k hizmetleri ba\u015fta olmak \u00fczere, m\u00fcvekkillerin fikri m\u00fclkiyet haklar\u0131n\u0131n korunmas\u0131na y\u00f6nelik her t\u00fcrl\u00fc hukuki ihtiya\u00e7lar\u0131na cevap vermektedir.<\/p>\n<p>Vergi Hukuku<\/p>\n<p>\u00d6\u011f\u00fcn Hukuk B\u00fcrosu; mahkemeler ve di\u011fer mercilerde, m\u00fcvekkillerin Vergi mevzuat\u0131 \u00e7er\u00e7evesindeki menfaatlerini korumaya y\u00f6nelik, hukuki koruma tedbirlerini almakta ve geni\u015f kapsaml\u0131 hukuki hizmetler sunmaktad\u0131r. Hukuk B\u00fcromuz; Vergi Hukukuna ili\u015fkin dava ve dan\u0131\u015fmanl\u0131k hizmetleri ba\u015fta olmak \u00fczere, m\u00fcvekkillerin finansal haklar\u0131n\u0131n korunmas\u0131na y\u00f6nelik her t\u00fcrl\u00fc hukuki ihtiya\u00e7lar\u0131na cevap vermektedir.<\/p>\n<p>Bili\u015fim \u2013 Elektronik Ticaret Hukuku<\/p>\n<p>\u00d6\u011f\u00fcn Hukuk B\u00fcrosu; \u00dclkemizde geli\u015fmekte olan Bili\u015fim ve Elektronik Ticaret Hukuku kapsam\u0131nda m\u00fcvekkillerine, internet \u00fczerinden ger\u00e7ekle\u015ftirilen t\u00fcm sat\u0131\u015f ve hizmet sa\u011flama modellerine uygun \u00e7\u00f6z\u00fcmlerin \u00fcretilmesinde ve yap\u0131lmak istenen \u00fcr\u00fcn-hizmet sat\u0131\u015flar\u0131na uygun alt yap\u0131lar\u0131n olu\u015fturulmas\u0131nda, hukuki dan\u0131\u015fmanl\u0131k hizmeti vermektedir.<\/p>\n<p>Dava Hizmetleri<\/p>\n<p>\u00d6\u011f\u00fcn Hukuk B\u00fcrosu, \u00e7e\u015fitli b\u00fcy\u00fckl\u00fckteki yerli ve yabanc\u0131 \u015firketlerin uyu\u015fmazl\u0131klar\u0131n\u0131 gerek mahkemeler vas\u0131tas\u0131 ile gerekse dan\u0131\u015fmanl\u0131k hizmetleri ve m\u00fczakereler vas\u0131tas\u0131 ile \u00e7\u00f6z\u00fcmlenmesine yard\u0131mc\u0131 olmaktad\u0131r.<\/p>\n<p>\u00d6\u011f\u00fcn Hukuk B\u00fcrosu\u2019nun Avukatlar\u0131, m\u00fcvekkillerini mahkemelerin ve temyiz makamlar\u0131n\u0131n her derecesinde temsil etmekte, a\u015fa\u011f\u0131daki hukuk dallar\u0131 da dahil olmak \u00fczere geni\u015f bir alanda uzman dava hizmeti sa\u011flamaktad\u0131rlar.<\/p>\n<p>\u2022 Ticaret Hukukundan ve S\u00f6zle\u015fmelerden kaynaklanan ihtilaflar,<\/p>\n<p>\u2022 \u015eirketler Hukuku uygulamalar\u0131ndan kaynaklanan ihtilaflar,<\/p>\n<p>\u2022 Fikri M\u00fclkiyet Hukukundan kaynaklanan ihtilaflar,<\/p>\n<p>\u2022 Vergi Hukukundan kaynaklanan ihtilaflar,<\/p>\n<p>\u2022 \u0130\u015f Hukuku (\u0130\u015f\u00e7i-\u0130\u015fveren ili\u015fkisinden) kaynaklanan ihtilaflar,<\/p>\n<p>\u2022 \u0130dare Hukukundan kaynaklanan ihtilaflar,<\/p>\n<p>\u2022 Gayrimenkul ihtilaflar\u0131.<\/p>\n","protected":false},"excerpt":{"rendered":"<p>FAAL\u0130YET ALANLARIMIZ \u00d6\u011f\u00fcn Hukuk B\u00fcrosu, a\u011f\u0131rl\u0131kl\u0131 olarak kurumsal nitelikteki m\u00fcvekkillerine, kapsaml\u0131 hukuk m\u00fc\u015favirli\u011fi hizmeti vermektedir. \u0130n\u015faat, Telekom, Bili\u015fim Teknolojileri ba\u015fta olmak \u00fczere sair sekt\u00f6rlerde faaliyet g\u00f6steren \u015firketlere g\u00fcvenli [&hellip;]<\/p>\n","protected":false},"author":2,"featured_media":0,"parent":0,"menu_order":0,"comment_status":"open","ping_status":"open","template":"","meta":{"footnotes":""},"class_list":["post-75","page","type-page","status-publish","hentry"],"_links":{"self":[{"href":"http:\/\/ogun.av.tr\/index.php?rest_route=\/wp\/v2\/pages\/75","targetHints":{"allow":["GET"]}}],"collection":[{"href":"http:\/\/ogun.av.tr\/index.php?rest_route=\/wp\/v2\/pages"}],"about":[{"href":"http:\/\/ogun.av.tr\/index.php?rest_route=\/wp\/v2\/types\/page"}],"author":[{"embeddable":true,"href":"http:\/\/ogun.av.tr\/index.php?rest_route=\/wp\/v2\/users\/2"}],"replies":[{"embeddable":true,"href":"http:\/\/ogun.av.tr\/index.php?rest_route=%2Fwp%2Fv2%2Fcomments&post=75"}],"version-history":[{"count":12,"href":"http:\/\/ogun.av.tr\/index.php?rest_route=\/wp\/v2\/pages\/75\/revisions"}],"predecessor-version":[{"id":242,"href":"http:\/\/ogun.av.tr\/index.php?rest_route=\/wp\/v2\/pages\/75\/revisions\/242"}],"wp:attachment":[{"href":"http:\/\/ogun.av.tr\/index.php?rest_route=%2Fwp%2Fv2%2Fmedia&parent=75"}],"curies":[{"name":"wp","href":"https:\/\/api.w.org\/{rel}","templated":true}]}}